{"id":7682,"date":"2024-09-24T13:03:25","date_gmt":"2024-09-24T11:03:25","guid":{"rendered":"https:\/\/dev.relaunch.zsg.ch\/?page_id=7682"},"modified":"2025-03-13T08:27:02","modified_gmt":"2025-03-13T07:27:02","slug":"medien","status":"publish","type":"page","link":"https:\/\/www.zsg.ch\/de\/medien\/","title":{"rendered":"Medien"},"content":{"rendered":"\t\t<div data-elementor-type=\"wp-page\" data-elementor-id=\"7682\" class=\"elementor elementor-7682\" data-elementor-post-type=\"page\">\n\t\t\t\t<div class=\"elementor-element elementor-element-cf4964e e-con-full e-flex e-con e-parent\" data-id=\"cf4964e\" data-element_type=\"container\" data-e-type=\"container\" data-settings=\"{&quot;background_background&quot;:&quot;classic&quot;}\">\n\t\t<div class=\"elementor-element elementor-element-a84ca7c e-con-full e-flex e-con e-child\" data-id=\"a84ca7c\" data-element_type=\"container\" data-e-type=\"container\" data-settings=\"{&quot;background_background&quot;:&quot;classic&quot;}\">\n\t\t<div class=\"elementor-element elementor-element-ffef4b3 e-con-full h1container e-flex e-con e-child\" data-id=\"ffef4b3\" data-element_type=\"container\" data-e-type=\"container\" data-settings=\"{&quot;background_background&quot;:&quot;classic&quot;,&quot;motion_fx_motion_fx_scrolling&quot;:&quot;yes&quot;,&quot;motion_fx_range&quot;:&quot;viewport&quot;,&quot;motion_fx_translateY_effect&quot;:&quot;yes&quot;,&quot;motion_fx_translateY_direction&quot;:&quot;negative&quot;,&quot;motion_fx_translateY_speed&quot;:{&quot;unit&quot;:&quot;px&quot;,&quot;size&quot;:0.5,&quot;sizes&quot;:[]},&quot;motion_fx_translateY_affectedRange&quot;:{&quot;unit&quot;:&quot;%&quot;,&quot;size&quot;:&quot;&quot;,&quot;sizes&quot;:{&quot;start&quot;:50,&quot;end&quot;:100}},&quot;motion_fx_opacity_effect&quot;:&quot;yes&quot;,&quot;motion_fx_opacity_direction&quot;:&quot;in-out&quot;,&quot;motion_fx_opacity_level&quot;:{&quot;unit&quot;:&quot;px&quot;,&quot;size&quot;:5,&quot;sizes&quot;:[]},&quot;motion_fx_opacity_range&quot;:{&quot;unit&quot;:&quot;%&quot;,&quot;size&quot;:&quot;&quot;,&quot;sizes&quot;:{&quot;start&quot;:50,&quot;end&quot;:100}},&quot;motion_fx_devices&quot;:[&quot;widescreen&quot;,&quot;desktop&quot;,&quot;laptop&quot;,&quot;tablet&quot;,&quot;mobile&quot;]}\">\n\t\t\t\t<div class=\"elementor-element elementor-element-a94b61f elementor-invisible elementor-widget elementor-widget-heading\" data-id=\"a94b61f\" data-element_type=\"widget\" data-e-type=\"widget\" data-settings=\"{&quot;_animation&quot;:&quot;fadeInDown&quot;,&quot;_animation_delay&quot;:100}\" data-widget_type=\"heading.default\">\n\t\t\t\t<div class=\"elementor-widget-container\">\n\t\t\t\t\t<h1 class=\"elementor-heading-title elementor-size-default\">Medien<\/h1>\t\t\t\t<\/div>\n\t\t\t\t<\/div>\n\t\t\t\t<div class=\"elementor-element elementor-element-f2a2e1d breadcrumbdunkel elementor-invisible elementor-widget elementor-widget-html\" data-id=\"f2a2e1d\" data-element_type=\"widget\" data-e-type=\"widget\" data-settings=\"{&quot;_animation&quot;:&quot;fadeInDown&quot;,&quot;_animation_delay&quot;:200}\" data-widget_type=\"html.default\">\n\t\t\t\t<div class=\"elementor-widget-container\">\n\t\t\t\t\t<nav aria-label=\"breadcrumbs\" class=\"rank-math-breadcrumb\"><p><span class=\"last\">Home<\/span><\/p><\/nav>\t\t\t\t<\/div>\n\t\t\t\t<\/div>\n\t\t\t\t<\/div>\n\t\t\t\t<\/div>\n\t\t\t\t<\/div>\n\t\t<div class=\"elementor-element elementor-element-cffcb9c e-con-full e-flex e-con e-parent\" data-id=\"cffcb9c\" data-element_type=\"container\" data-e-type=\"container\" data-settings=\"{&quot;background_background&quot;:&quot;classic&quot;}\">\n\t\t<div class=\"elementor-element elementor-element-3af9d75 e-con-full e-flex e-con e-child\" data-id=\"3af9d75\" data-element_type=\"container\" data-e-type=\"container\" data-settings=\"{&quot;background_background&quot;:&quot;classic&quot;}\">\n\t\t<div class=\"elementor-element elementor-element-632bd48 e-con-full e-flex e-con e-child\" data-id=\"632bd48\" data-element_type=\"container\" data-e-type=\"container\">\n\t\t\t\t<div class=\"elementor-element elementor-element-3cca938 elementor-invisible elementor-widget elementor-widget-text-editor\" data-id=\"3cca938\" data-element_type=\"widget\" data-e-type=\"widget\" data-settings=\"{&quot;_animation&quot;:&quot;fadeInDown&quot;,&quot;_animation_delay&quot;:100}\" data-widget_type=\"text-editor.default\">\n\t\t\t\t<div class=\"elementor-widget-container\">\n\t\t\t\t\t\t\t\t\t<p>Haben Sie Fragen zu aktuellen Themen? Brauchen Sie Bilder oder Hintergrundinformationen f\u00fcr eine Reportage? Oder suchen Sie nach einer Idee f\u00fcr eine Geschichte? Die Unternehmenskommunikation ist die zentrale Anlaufstelle f\u00fcr Medien- und Shootinganfragen und hilft Ihnen gerne weiter.<\/p>\t\t\t\t\t\t\t\t<\/div>\n\t\t\t\t<\/div>\n\t\t\t\t<\/div>\n\t\t\t\t<\/div>\n\t\t\t\t<\/div>\n\t\t<div class=\"elementor-element elementor-element-6df1f4b2 e-con-full e-flex e-con e-parent\" data-id=\"6df1f4b2\" data-element_type=\"container\" data-e-type=\"container\" id=\"schiffinfo\" data-settings=\"{&quot;background_background&quot;:&quot;classic&quot;}\">\n\t\t<div class=\"elementor-element elementor-element-6f8de023 e-con-full e-flex e-con e-child\" data-id=\"6f8de023\" data-element_type=\"container\" data-e-type=\"container\" data-settings=\"{&quot;background_background&quot;:&quot;classic&quot;}\">\n\t\t<div class=\"elementor-element elementor-element-4c7c8530 e-con-full e-flex e-con e-child\" data-id=\"4c7c8530\" data-element_type=\"container\" data-e-type=\"container\" data-settings=\"{&quot;background_background&quot;:&quot;classic&quot;}\">\n\t\t\t\t<div class=\"elementor-element elementor-element-4a01a845 elementor-invisible elementor-widget elementor-widget-heading\" data-id=\"4a01a845\" data-element_type=\"widget\" data-e-type=\"widget\" id=\"kundenversprechen\" data-settings=\"{&quot;_animation&quot;:&quot;fadeInDown&quot;,&quot;_animation_delay&quot;:100}\" data-widget_type=\"heading.default\">\n\t\t\t\t<div class=\"elementor-widget-container\">\n\t\t\t\t\t<h2 class=\"elementor-heading-title elementor-size-default\">Bilder und Videos<\/h2>\t\t\t\t<\/div>\n\t\t\t\t<\/div>\n\t\t\t\t<div class=\"elementor-element elementor-element-3dac5d6b linkdunkel elementor-invisible elementor-widget elementor-widget-text-editor\" data-id=\"3dac5d6b\" data-element_type=\"widget\" data-e-type=\"widget\" data-settings=\"{&quot;_animation&quot;:&quot;fadeInDown&quot;,&quot;_animation_delay&quot;:200}\" data-widget_type=\"text-editor.default\">\n\t\t\t\t<div class=\"elementor-widget-container\">\n\t\t\t\t\t\t\t\t\t<p><strong>F\u00fcr kommerzielle Fotoaufnahmen auf unseren Schiffen ist eine Bewilligung notwendig. F\u00fcr private Zwecke ist das Fotografieren ohne Bewilligung erlaubt.<\/strong><\/p><p>Die Schiffe der ZSG sind ein beliebtes Sujet f\u00fcr Foto- und Filmaufnahmen. Gerne unterst\u00fctzen wir Medienschaffende, Fotografen und Filmteams bei Projekten. Allerdings bitten wir Sie, daf\u00fcr fr\u00fchzeitig mit uns Kontakt aufzunehmen.<\/p>\t\t\t\t\t\t\t\t<\/div>\n\t\t\t\t<\/div>\n\t\t\t\t<div class=\"elementor-element elementor-element-65899f7 elementor-invisible elementor-widget elementor-widget-heading\" data-id=\"65899f7\" data-element_type=\"widget\" data-e-type=\"widget\" data-settings=\"{&quot;_animation&quot;:&quot;fadeInDown&quot;,&quot;_animation_delay&quot;:100}\" data-widget_type=\"heading.default\">\n\t\t\t\t<div class=\"elementor-widget-container\">\n\t\t\t\t\t<h3 class=\"elementor-heading-title elementor-size-default\">Nutzungsrechte<\/h3>\t\t\t\t<\/div>\n\t\t\t\t<\/div>\n\t\t\t\t<div class=\"elementor-element elementor-element-21f99cd linkdunkel elementor-invisible elementor-widget elementor-widget-text-editor\" data-id=\"21f99cd\" data-element_type=\"widget\" data-e-type=\"widget\" data-settings=\"{&quot;_animation&quot;:&quot;fadeInDown&quot;,&quot;_animation_delay&quot;:200}\" data-widget_type=\"text-editor.default\">\n\t\t\t\t<div class=\"elementor-widget-container\">\n\t\t\t\t\t\t\t\t\t<p>Foto- und Bildmaterial der Z\u00fcrichsee Schifffahrtsgesellschaft (ZSG) darf im redaktionellen Umfeld verwendet werden, wenn der Bericht im Zusammenhang mit der ZSG steht. Jede weitere Verwendung ist grunds\u00e4tzlich bewilligungspflichtig. Das Urheber- und Verwendungsrecht s\u00e4mtlicher hier ver\u00f6ffentlichter Bilder liegt bei der Z\u00fcrichsee Schifffahrtsgesellschaft. Bei Unsicherheiten bzgl. Nutzungsrecht kontaktieren Sie uns.<\/p>\t\t\t\t\t\t\t\t<\/div>\n\t\t\t\t<\/div>\n\t\t\t\t<div class=\"elementor-element elementor-element-89a4aeb elementor-align-center elementor-invisible elementor-widget elementor-widget-button\" data-id=\"89a4aeb\" data-element_type=\"widget\" data-e-type=\"widget\" id=\"download\" data-settings=\"{&quot;_animation&quot;:&quot;fadeInDown&quot;,&quot;_animation_delay&quot;:200}\" data-widget_type=\"button.default\">\n\t\t\t\t<div class=\"elementor-widget-container\">\n\t\t\t\t\t\t\t\t\t<div class=\"elementor-button-wrapper\">\n\t\t\t\t\t<a class=\"elementor-button elementor-button-link elementor-size-sm\" href=\"https:\/\/zsg-medien-zsg.px.media\/overview\" target=\"_blank\" rel=\"noopener\">\n\t\t\t\t\t\t<span class=\"elementor-button-content-wrapper\">\n\t\t\t\t\t\t\t\t\t<span class=\"elementor-button-text\">Zur Mediendatenbank<\/span>\n\t\t\t\t\t<\/span>\n\t\t\t\t\t<\/a>\n\t\t\t\t<\/div>\n\t\t\t\t\t\t\t\t<\/div>\n\t\t\t\t<\/div>\n\t\t\t\t<\/div>\n\t\t\t\t<\/div>\n\t\t\t\t<\/div>\n\t\t<div class=\"elementor-element elementor-element-68610e9 e-con-full e-flex e-con e-parent\" data-id=\"68610e9\" data-element_type=\"container\" data-e-type=\"container\" data-settings=\"{&quot;background_background&quot;:&quot;classic&quot;}\">\n\t\t<div class=\"elementor-element elementor-element-f9ffa62 e-con-full e-flex e-con e-child\" data-id=\"f9ffa62\" data-element_type=\"container\" data-e-type=\"container\" data-settings=\"{&quot;background_background&quot;:&quot;classic&quot;}\">\n\t\t<div class=\"elementor-element elementor-element-5e58902 e-con-full e-flex e-con e-child\" data-id=\"5e58902\" data-element_type=\"container\" data-e-type=\"container\" data-settings=\"{&quot;background_background&quot;:&quot;classic&quot;}\">\n\t\t\t\t<div class=\"elementor-element elementor-element-11b1f96 elementor-invisible elementor-widget elementor-widget-heading\" data-id=\"11b1f96\" data-element_type=\"widget\" data-e-type=\"widget\" data-settings=\"{&quot;_animation&quot;:&quot;fadeInDown&quot;,&quot;_animation_delay&quot;:100}\" data-widget_type=\"heading.default\">\n\t\t\t\t<div class=\"elementor-widget-container\">\n\t\t\t\t\t<h2 class=\"elementor-heading-title elementor-size-default\">Kontakt Medienstelle <\/h2>\t\t\t\t<\/div>\n\t\t\t\t<\/div>\n\t\t<div class=\"elementor-element elementor-element-dee0b92 e-con-full e-flex e-con e-child\" data-id=\"dee0b92\" data-element_type=\"container\" data-e-type=\"container\">\n\t\t<div class=\"elementor-element elementor-element-0c512f8 e-con-full e-flex e-con e-child\" data-id=\"0c512f8\" data-element_type=\"container\" data-e-type=\"container\" data-settings=\"{&quot;background_background&quot;:&quot;classic&quot;}\">\n\t\t\t\t<div class=\"elementor-element elementor-element-f356455 linkhell elementor-invisible elementor-widget elementor-widget-text-editor\" data-id=\"f356455\" data-element_type=\"widget\" data-e-type=\"widget\" data-settings=\"{&quot;_animation&quot;:&quot;fadeInDown&quot;,&quot;_animation_delay&quot;:200}\" data-widget_type=\"text-editor.default\">\n\t\t\t\t<div class=\"elementor-widget-container\">\n\t\t\t\t\t\t\t\t\tSonja Randjelovic<br>\nLeiterin Unternehmenskommunikation<br>\n<a href=\"mailto:medien@zsg.ch\">medien@zsg.ch<\/a><br>\n+41 044 487 13 43\t\t\t\t\t\t\t\t<\/div>\n\t\t\t\t<\/div>\n\t\t\t\t<\/div>\n\t\t\t\t<\/div>\n\t\t\t\t<\/div>\n\t\t\t\t<\/div>\n\t\t\t\t<\/div>\n\t\t<div class=\"elementor-element elementor-element-94c73ab e-con-full e-flex e-con e-parent\" data-id=\"94c73ab\" data-element_type=\"container\" data-e-type=\"container\" data-settings=\"{&quot;background_background&quot;:&quot;classic&quot;}\">\n\t\t<div class=\"elementor-element elementor-element-069ccd3 e-con-full e-flex e-con e-child\" data-id=\"069ccd3\" data-element_type=\"container\" data-e-type=\"container\" data-settings=\"{&quot;background_background&quot;:&quot;classic&quot;}\">\n\t\t\t\t<div class=\"elementor-element elementor-element-b4c9de4 elementor-widget elementor-widget-image\" data-id=\"b4c9de4\" data-element_type=\"widget\" data-e-type=\"widget\" data-widget_type=\"image.default\">\n\t\t\t\t<div class=\"elementor-widget-container\">\n\t\t\t\t\t\t\t\t\t\t\t\t\t\t\t<img decoding=\"async\" src=\"https:\/\/www.zsg.ch\/wp-content\/uploads\/hero-informationen-zu-den-stationen_1920x700.jpg\" title=\"hero-informationen-zu-den-stationen_1920x700\" alt=\"Schiffstation B\u00fcrkliplatz\" loading=\"lazy\" \/>\t\t\t\t\t\t\t\t\t\t\t\t\t\t\t<\/div>\n\t\t\t\t<\/div>\n\t\t\t\t<\/div>\n\t\t\t\t<\/div>\n\t\t\t\t<\/div>\n\t\t","protected":false},"excerpt":{"rendered":"<p>Medien Haben Sie Fragen zu aktuellen Themen? Brauchen Sie Bilder oder Hintergrundinformationen f\u00fcr eine Reportage? Oder suchen Sie nach einer Idee f\u00fcr eine Geschichte? Die Unternehmenskommunikation ist die zentrale Anlaufstelle f\u00fcr Medien- und Shootinganfragen und hilft Ihnen gerne weiter. Bilder und Videos F\u00fcr kommerzielle Fotoaufnahmen auf unseren Schiffen ist eine Bewilligung notwendig. F\u00fcr private Zwecke [&hellip;]<\/p>\n","protected":false},"author":1,"featured_media":0,"parent":0,"menu_order":12,"comment_status":"closed","ping_status":"closed","template":"","meta":{"footnotes":""},"class_list":["post-7682","page","type-page","status-publish","hentry"],"_links":{"self":[{"href":"https:\/\/www.zsg.ch\/de\/wp-json\/wp\/v2\/pages\/7682","targetHints":{"allow":["GET"]}}],"collection":[{"href":"https:\/\/www.zsg.ch\/de\/wp-json\/wp\/v2\/pages"}],"about":[{"href":"https:\/\/www.zsg.ch\/de\/wp-json\/wp\/v2\/types\/page"}],"author":[{"embeddable":true,"href":"https:\/\/www.zsg.ch\/de\/wp-json\/wp\/v2\/users\/1"}],"replies":[{"embeddable":true,"href":"https:\/\/www.zsg.ch\/de\/wp-json\/wp\/v2\/comments?post=7682"}],"version-history":[{"count":0,"href":"https:\/\/www.zsg.ch\/de\/wp-json\/wp\/v2\/pages\/7682\/revisions"}],"wp:attachment":[{"href":"https:\/\/www.zsg.ch\/de\/wp-json\/wp\/v2\/media?parent=7682"}],"curies":[{"name":"wp","href":"https:\/\/api.w.org\/{rel}","templated":true}]}}