{"id":19329,"date":"2026-02-10T17:09:55","date_gmt":"2026-02-10T16:09:55","guid":{"rendered":"https:\/\/www.zsg.ch\/?page_id=19329"},"modified":"2026-02-10T17:09:55","modified_gmt":"2026-02-10T16:09:55","slug":"reinigungskraft-stv-teamleitung-reinigung","status":"publish","type":"page","link":"https:\/\/www.zsg.ch\/de\/jobs\/reinigungskraft-stv-teamleitung-reinigung\/","title":{"rendered":"Reinigungskraft inkl. Stv. Teamleiter Reinigung"},"content":{"rendered":"\t\t<div data-elementor-type=\"wp-page\" data-elementor-id=\"19329\" class=\"elementor elementor-19329\" data-elementor-post-type=\"page\">\n\t\t\t\t<div class=\"elementor-element elementor-element-cf4964e e-con-full e-flex e-con e-parent\" data-id=\"cf4964e\" data-element_type=\"container\" data-e-type=\"container\" data-settings=\"{&quot;background_background&quot;:&quot;classic&quot;}\">\n\t\t<div class=\"elementor-element elementor-element-a84ca7c e-con-full e-flex e-con e-child\" data-id=\"a84ca7c\" data-element_type=\"container\" data-e-type=\"container\" data-settings=\"{&quot;background_background&quot;:&quot;classic&quot;}\">\n\t\t<div class=\"elementor-element elementor-element-ffef4b3 e-con-full h1container e-flex e-con e-child\" data-id=\"ffef4b3\" data-element_type=\"container\" data-e-type=\"container\" data-settings=\"{&quot;background_background&quot;:&quot;classic&quot;,&quot;motion_fx_motion_fx_scrolling&quot;:&quot;yes&quot;,&quot;motion_fx_range&quot;:&quot;viewport&quot;,&quot;motion_fx_translateY_effect&quot;:&quot;yes&quot;,&quot;motion_fx_translateY_direction&quot;:&quot;negative&quot;,&quot;motion_fx_translateY_speed&quot;:{&quot;unit&quot;:&quot;px&quot;,&quot;size&quot;:0.5,&quot;sizes&quot;:[]},&quot;motion_fx_translateY_affectedRange&quot;:{&quot;unit&quot;:&quot;%&quot;,&quot;size&quot;:&quot;&quot;,&quot;sizes&quot;:{&quot;start&quot;:50,&quot;end&quot;:100}},&quot;motion_fx_opacity_effect&quot;:&quot;yes&quot;,&quot;motion_fx_opacity_direction&quot;:&quot;in-out&quot;,&quot;motion_fx_opacity_level&quot;:{&quot;unit&quot;:&quot;px&quot;,&quot;size&quot;:5,&quot;sizes&quot;:[]},&quot;motion_fx_opacity_range&quot;:{&quot;unit&quot;:&quot;%&quot;,&quot;size&quot;:&quot;&quot;,&quot;sizes&quot;:{&quot;start&quot;:50,&quot;end&quot;:100}},&quot;motion_fx_devices&quot;:[&quot;widescreen&quot;,&quot;desktop&quot;,&quot;laptop&quot;,&quot;tablet&quot;,&quot;mobile&quot;]}\">\n\t\t\t\t<div class=\"elementor-element elementor-element-a94b61f elementor-invisible elementor-widget elementor-widget-heading\" data-id=\"a94b61f\" data-element_type=\"widget\" data-e-type=\"widget\" data-settings=\"{&quot;_animation&quot;:&quot;fadeInDown&quot;,&quot;_animation_delay&quot;:100}\" data-widget_type=\"heading.default\">\n\t\t\t\t<div class=\"elementor-widget-container\">\n\t\t\t\t\t<h1 class=\"elementor-heading-title elementor-size-default\">Reinigungskraft inkl. Stv. Teamleiter Reinigung<\/h1>\t\t\t\t<\/div>\n\t\t\t\t<\/div>\n\t\t\t\t<div class=\"elementor-element elementor-element-f2a2e1d breadcrumbdunkel elementor-invisible elementor-widget elementor-widget-html\" data-id=\"f2a2e1d\" data-element_type=\"widget\" data-e-type=\"widget\" data-settings=\"{&quot;_animation&quot;:&quot;fadeInDown&quot;,&quot;_animation_delay&quot;:200}\" data-widget_type=\"html.default\">\n\t\t\t\t<div class=\"elementor-widget-container\">\n\t\t\t\t\t<nav aria-label=\"breadcrumbs\" class=\"rank-math-breadcrumb\"><p><span class=\"last\">Home<\/span><\/p><\/nav>\t\t\t\t<\/div>\n\t\t\t\t<\/div>\n\t\t\t\t<\/div>\n\t\t\t\t<\/div>\n\t\t\t\t<\/div>\n\t\t<div class=\"elementor-element elementor-element-cffcb9c e-con-full e-flex e-con e-parent\" data-id=\"cffcb9c\" data-element_type=\"container\" data-e-type=\"container\" data-settings=\"{&quot;background_background&quot;:&quot;classic&quot;}\">\n\t\t<div class=\"elementor-element elementor-element-3af9d75 e-con-full e-flex e-con e-child\" data-id=\"3af9d75\" data-element_type=\"container\" data-e-type=\"container\" data-settings=\"{&quot;background_background&quot;:&quot;classic&quot;}\">\n\t\t<div class=\"elementor-element elementor-element-632bd48 e-con-full e-flex e-con e-child\" data-id=\"632bd48\" data-element_type=\"container\" data-e-type=\"container\">\n\t\t\t\t<div class=\"elementor-element elementor-element-3cca938 elementor-invisible elementor-widget elementor-widget-text-editor\" data-id=\"3cca938\" data-element_type=\"widget\" data-e-type=\"widget\" data-settings=\"{&quot;_animation&quot;:&quot;fadeInDown&quot;,&quot;_animation_delay&quot;:100}\" data-widget_type=\"text-editor.default\">\n\t\t\t\t<div class=\"elementor-widget-container\">\n\t\t\t\t\t\t\t\t\t<p>80-100% | per sofort oder nach Vereinbarung | m\/w\/d<\/p>\t\t\t\t\t\t\t\t<\/div>\n\t\t\t\t<\/div>\n\t\t\t\t<\/div>\n\t\t\t\t<\/div>\n\t\t\t\t<\/div>\n\t\t<div class=\"elementor-element elementor-element-6df1f4b2 e-con-full e-flex e-con e-parent\" data-id=\"6df1f4b2\" data-element_type=\"container\" data-e-type=\"container\" id=\"schiffinfo\" data-settings=\"{&quot;background_background&quot;:&quot;classic&quot;}\">\n\t\t<div class=\"elementor-element elementor-element-6f8de023 e-con-full e-flex e-con e-child\" data-id=\"6f8de023\" data-element_type=\"container\" data-e-type=\"container\" data-settings=\"{&quot;background_background&quot;:&quot;classic&quot;}\">\n\t\t<div class=\"elementor-element elementor-element-4c7c8530 e-con-full e-flex e-con e-child\" data-id=\"4c7c8530\" data-element_type=\"container\" data-e-type=\"container\" data-settings=\"{&quot;background_background&quot;:&quot;classic&quot;}\">\n\t\t\t\t<div class=\"elementor-element elementor-element-4a01a845 elementor-invisible elementor-widget elementor-widget-heading\" data-id=\"4a01a845\" data-element_type=\"widget\" data-e-type=\"widget\" data-settings=\"{&quot;_animation&quot;:&quot;fadeInDown&quot;,&quot;_animation_delay&quot;:100}\" data-widget_type=\"heading.default\">\n\t\t\t\t<div class=\"elementor-widget-container\">\n\t\t\t\t\t<h2 class=\"elementor-heading-title elementor-size-default\">Das sind wir<\/h2>\t\t\t\t<\/div>\n\t\t\t\t<\/div>\n\t\t\t\t<div class=\"elementor-element elementor-element-3dac5d6b elementor-invisible elementor-widget elementor-widget-text-editor\" data-id=\"3dac5d6b\" data-element_type=\"widget\" data-e-type=\"widget\" data-settings=\"{&quot;_animation&quot;:&quot;fadeInDown&quot;,&quot;_animation_delay&quot;:200}\" data-widget_type=\"text-editor.default\">\n\t\t\t\t<div class=\"elementor-widget-container\">\n\t\t\t\t\t\t\t\t\t<p>Mit 17 Schiffen und rund 120 Mitarbeitenden bereiten wir unseren G\u00e4sten 365 Tage im Jahr einzigartige Erlebnisse auf dem Z\u00fcrichsee. Zu unserem Angebot z\u00e4hlen Kursfahrten, Erlebnisschiffe und Schiffsvermietungen. Pro Jahr bef\u00f6rdern wir rund 1.7 Millionen Passagiere. Seit 1990 sind wir Partner im Z\u00fcrcher Verkehrsverbund (ZVV).<\/p>\t\t\t\t\t\t\t\t<\/div>\n\t\t\t\t<\/div>\n\t\t\t\t<div class=\"elementor-element elementor-element-5258af01 elementor-invisible elementor-widget elementor-widget-heading\" data-id=\"5258af01\" data-element_type=\"widget\" data-e-type=\"widget\" id=\"mietkonditionen\" data-settings=\"{&quot;_animation&quot;:&quot;fadeInDown&quot;,&quot;_animation_delay&quot;:100}\" data-widget_type=\"heading.default\">\n\t\t\t\t<div class=\"elementor-widget-container\">\n\t\t\t\t\t<h2 class=\"elementor-heading-title elementor-size-default\">Das sind deine Horizonte<\/h2>\t\t\t\t<\/div>\n\t\t\t\t<\/div>\n\t\t\t\t<div class=\"elementor-element elementor-element-6950c4a elementor-invisible elementor-widget elementor-widget-text-editor\" data-id=\"6950c4a\" data-element_type=\"widget\" data-e-type=\"widget\" data-settings=\"{&quot;_animation&quot;:&quot;fadeInDown&quot;,&quot;_animation_delay&quot;:200}\" data-widget_type=\"text-editor.default\">\n\t\t\t\t<div class=\"elementor-widget-container\">\n\t\t\t\t\t\t\t\t\t<ul><li>Unterhalts- und Grundreinigung der Schiffe<\/li><li>Unterhalts- und Grundreinigung der Werftgeb\u00e4ude<\/li><li>Sauberkeit und Ordnung des Werftareals sicherstellen<\/li><li>Kleinere Gr\u00fcnarbeiten auf dem Werftareal<\/li><li><p>Unterst\u00fctzung des Teamleiters im Bereich Arbeitsplanung und Organisation<\/p><\/li><li><p>\u00dcbernahme der Funktion bei Abwesenheit des Teamleiter Reinigung<\/p><\/li><\/ul>\t\t\t\t\t\t\t\t<\/div>\n\t\t\t\t<\/div>\n\t\t\t\t<div class=\"elementor-element elementor-element-5797aedb elementor-invisible elementor-widget elementor-widget-heading\" data-id=\"5797aedb\" data-element_type=\"widget\" data-e-type=\"widget\" id=\"gastronomie\" data-settings=\"{&quot;_animation&quot;:&quot;fadeInDown&quot;,&quot;_animation_delay&quot;:100}\" data-widget_type=\"heading.default\">\n\t\t\t\t<div class=\"elementor-widget-container\">\n\t\t\t\t\t<h2 class=\"elementor-heading-title elementor-size-default\">Das bringst du mit an Bord<\/h2>\t\t\t\t<\/div>\n\t\t\t\t<\/div>\n\t\t\t\t<div class=\"elementor-element elementor-element-1197b78 elementor-invisible elementor-widget elementor-widget-text-editor\" data-id=\"1197b78\" data-element_type=\"widget\" data-e-type=\"widget\" data-settings=\"{&quot;_animation&quot;:&quot;fadeInDown&quot;,&quot;_animation_delay&quot;:200}\" data-widget_type=\"text-editor.default\">\n\t\t\t\t<div class=\"elementor-widget-container\">\n\t\t\t\t\t\t\t\t\t<ul><li>Bereitschaft zuverl\u00e4ssig in einem Team zusammen zu arbeiten<\/li><li><p>Hohe Dienstleistungsorientierung<\/p><\/li><li><p>F\u00fchrungserfahrung und die F\u00e4higkeit ein Team zu motivieren<\/p><\/li><li><p>Erfahrung im Bereich Arbeitssicherheit und Gesundheitsschutz<\/p><\/li><li><p>Erfahrung in der Grund- und Unterhaltsreinigung<\/p><\/li><li><p>Erfahrung von Gr\u00fcnarbeiten von Vorteil<\/p><\/li><li><p>Flexibilit\u00e4t bez\u00fcglich Arbeitszeiten in der Regel am fr\u00fchen Morgen. Auch Wochenend- und Feiertagen<\/p><\/li><li><p>Du kannst dich auf Deutsch verst\u00e4ndigen<\/p><\/li><li><p>K\u00f6rperliche Belastbarkeit und Wetterfestigkeit<\/p><\/li><\/ul>\t\t\t\t\t\t\t\t<\/div>\n\t\t\t\t<\/div>\n\t\t\t\t<div class=\"elementor-element elementor-element-e7c93b2 elementor-invisible elementor-widget elementor-widget-heading\" data-id=\"e7c93b2\" data-element_type=\"widget\" data-e-type=\"widget\" data-settings=\"{&quot;_animation&quot;:&quot;fadeInDown&quot;,&quot;_animation_delay&quot;:100}\" data-widget_type=\"heading.default\">\n\t\t\t\t<div class=\"elementor-widget-container\">\n\t\t\t\t\t<h2 class=\"elementor-heading-title elementor-size-default\">Das bieten wir auf lange Sicht<\/h2>\t\t\t\t<\/div>\n\t\t\t\t<\/div>\n\t\t\t\t<div class=\"elementor-element elementor-element-e548a03 elementor-invisible elementor-widget elementor-widget-text-editor\" data-id=\"e548a03\" data-element_type=\"widget\" data-e-type=\"widget\" data-settings=\"{&quot;_animation&quot;:&quot;fadeInDown&quot;,&quot;_animation_delay&quot;:200}\" data-widget_type=\"text-editor.default\">\n\t\t\t\t<div class=\"elementor-widget-container\">\n\t\t\t\t\t\t\t\t\t<ul><li>Einen einzigartigen Arbeitsplatz am und auf dem See<\/li><li>Abwechslungsreiche und anspruchsvolle Arbeit in einem vielseitigen Unternehmen<\/li><li><span style=\"background-color: transparent; color: var( --e-global-color-2bf9438 ); font-family: var( --e-global-typography-text-font-family ), Sans-serif; font-weight: var( --e-global-typography-text-font-weight ); text-align: var(--text-align);\">Attraktive Anstellungsbedingungen mit 6 Wochen Ferien<\/span><\/li><li>Kostenloses 2. Klasse Generalabonnement<\/li><\/ul>\t\t\t\t\t\t\t\t<\/div>\n\t\t\t\t<\/div>\n\t\t\t\t<div class=\"elementor-element elementor-element-88b4b98 elementor-invisible elementor-widget elementor-widget-heading\" data-id=\"88b4b98\" data-element_type=\"widget\" data-e-type=\"widget\" data-settings=\"{&quot;_animation&quot;:&quot;fadeInDown&quot;,&quot;_animation_delay&quot;:100}\" data-widget_type=\"heading.default\">\n\t\t\t\t<div class=\"elementor-widget-container\">\n\t\t\t\t\t<h2 class=\"elementor-heading-title elementor-size-default\">Lust auf mee(h)r?<\/h2>\t\t\t\t<\/div>\n\t\t\t\t<\/div>\n\t\t\t\t<div class=\"elementor-element elementor-element-1e26068 linkdunkel elementor-invisible elementor-widget elementor-widget-text-editor\" data-id=\"1e26068\" data-element_type=\"widget\" data-e-type=\"widget\" data-settings=\"{&quot;_animation&quot;:&quot;fadeInDown&quot;,&quot;_animation_delay&quot;:200}\" data-widget_type=\"text-editor.default\">\n\t\t\t\t<div class=\"elementor-widget-container\">\n\t\t\t\t\t\t\t\t\t<p>M\u00f6chtest du zu uns an Bord kommen? Dann sende deine Bewerbung \u00fcber den Link.<\/p><p>F\u00fcr mehr Informationen steht dir Alessandro Bruno, Fachspezialist Personal, unter Tel. <a href=\"tel:+41444871349\">044 487 13 49<\/a> zur Verf\u00fcgung.<\/p>\t\t\t\t\t\t\t\t<\/div>\n\t\t\t\t<\/div>\n\t\t\t\t<div class=\"elementor-element elementor-element-ab849dc elementor-widget__width-auto elementor-invisible elementor-widget elementor-widget-button\" data-id=\"ab849dc\" data-element_type=\"widget\" data-e-type=\"widget\" data-settings=\"{&quot;_animation&quot;:&quot;fadeInDown&quot;,&quot;_animation_delay&quot;:200}\" data-widget_type=\"button.default\">\n\t\t\t\t<div class=\"elementor-widget-container\">\n\t\t\t\t\t\t\t\t\t<div class=\"elementor-button-wrapper\">\n\t\t\t\t\t<a class=\"elementor-button elementor-button-link elementor-size-sm\" href=\"https:\/\/zsg.abacuscity.ch\/de\/jobform_1_121802\/Reinigungskraft-inkl.-Stv.-Teamleiter-Reinigung-80-100%25-%28m-w-d%29\" rel=\"noopener\">\n\t\t\t\t\t\t<span class=\"elementor-button-content-wrapper\">\n\t\t\t\t\t\t\t\t\t<span class=\"elementor-button-text\">Online Jobbewerbung<\/span>\n\t\t\t\t\t<\/span>\n\t\t\t\t\t<\/a>\n\t\t\t\t<\/div>\n\t\t\t\t\t\t\t\t<\/div>\n\t\t\t\t<\/div>\n\t\t\t\t<\/div>\n\t\t\t\t<\/div>\n\t\t\t\t<\/div>\n\t\t<div class=\"elementor-element elementor-element-94c73ab e-con-full e-flex e-con e-parent\" data-id=\"94c73ab\" data-element_type=\"container\" data-e-type=\"container\" data-settings=\"{&quot;background_background&quot;:&quot;classic&quot;}\">\n\t\t<div class=\"elementor-element elementor-element-069ccd3 e-con-full e-flex e-con e-child\" data-id=\"069ccd3\" data-element_type=\"container\" data-e-type=\"container\" data-settings=\"{&quot;background_background&quot;:&quot;classic&quot;}\">\n\t\t\t\t<div class=\"elementor-element elementor-element-b4c9de4 elementor-widget elementor-widget-image\" data-id=\"b4c9de4\" data-element_type=\"widget\" data-e-type=\"widget\" data-widget_type=\"image.default\">\n\t\t\t\t<div class=\"elementor-widget-container\">\n\t\t\t\t\t\t\t\t\t\t\t\t\t\t\t<img decoding=\"async\" src=\"https:\/\/www.zsg.ch\/wp-content\/uploads\/steg-zuerich-buerkliplatz_1920x1000.jpg\" title=\"steg-zuerich-buerkliplatz_1920x1000\" alt=\"Steg B\u00fcrkliplatz bei Nacht\" loading=\"lazy\" \/>\t\t\t\t\t\t\t\t\t\t\t\t\t\t\t<\/div>\n\t\t\t\t<\/div>\n\t\t\t\t<\/div>\n\t\t\t\t<\/div>\n\t\t\t\t<\/div>\n\t\t","protected":false},"excerpt":{"rendered":"<p>Reinigungskraft inkl. Stv. Teamleiter Reinigung 80-100% | per sofort oder nach Vereinbarung | m\/w\/d Das sind wir Mit 17 Schiffen und rund 120 Mitarbeitenden bereiten wir unseren G\u00e4sten 365 Tage im Jahr einzigartige Erlebnisse auf dem Z\u00fcrichsee. Zu unserem Angebot z\u00e4hlen Kursfahrten, Erlebnisschiffe und Schiffsvermietungen. Pro Jahr bef\u00f6rdern wir rund 1.7 Millionen Passagiere. Seit 1990 [&hellip;]<\/p>\n","protected":false},"author":7,"featured_media":0,"parent":7374,"menu_order":8,"comment_status":"closed","ping_status":"closed","template":"","meta":{"footnotes":""},"class_list":["post-19329","page","type-page","status-publish","hentry"],"_links":{"self":[{"href":"https:\/\/www.zsg.ch\/de\/wp-json\/wp\/v2\/pages\/19329","targetHints":{"allow":["GET"]}}],"collection":[{"href":"https:\/\/www.zsg.ch\/de\/wp-json\/wp\/v2\/pages"}],"about":[{"href":"https:\/\/www.zsg.ch\/de\/wp-json\/wp\/v2\/types\/page"}],"author":[{"embeddable":true,"href":"https:\/\/www.zsg.ch\/de\/wp-json\/wp\/v2\/users\/7"}],"replies":[{"embeddable":true,"href":"https:\/\/www.zsg.ch\/de\/wp-json\/wp\/v2\/comments?post=19329"}],"version-history":[{"count":3,"href":"https:\/\/www.zsg.ch\/de\/wp-json\/wp\/v2\/pages\/19329\/revisions"}],"predecessor-version":[{"id":19338,"href":"https:\/\/www.zsg.ch\/de\/wp-json\/wp\/v2\/pages\/19329\/revisions\/19338"}],"up":[{"embeddable":true,"href":"https:\/\/www.zsg.ch\/de\/wp-json\/wp\/v2\/pages\/7374"}],"wp:attachment":[{"href":"https:\/\/www.zsg.ch\/de\/wp-json\/wp\/v2\/media?parent=19329"}],"curies":[{"name":"wp","href":"https:\/\/api.w.org\/{rel}","templated":true}]}}