{"id":15265,"date":"2025-04-09T08:32:59","date_gmt":"2025-04-09T06:32:59","guid":{"rendered":"https:\/\/www.zsg.ch\/jobs\/matros-im-sommer-maler-lackierer-im-winter-2\/"},"modified":"2025-04-17T15:07:45","modified_gmt":"2025-04-17T13:07:45","slug":"matros-im-sommer-mechaniker-im-winter","status":"publish","type":"page","link":"https:\/\/www.zsg.ch\/de\/jobs\/matros-im-sommer-mechaniker-im-winter\/","title":{"rendered":"Matros:in im Sommer \u2013 Mechaniker:in im Winter"},"content":{"rendered":"\t\t<div data-elementor-type=\"wp-page\" data-elementor-id=\"15265\" class=\"elementor elementor-15265\" data-elementor-post-type=\"page\">\n\t\t\t\t<div class=\"elementor-element elementor-element-cf4964e e-con-full e-flex e-con e-parent\" data-id=\"cf4964e\" data-element_type=\"container\" data-e-type=\"container\" data-settings=\"{&quot;background_background&quot;:&quot;classic&quot;}\">\n\t\t<div class=\"elementor-element elementor-element-a84ca7c e-con-full e-flex e-con e-child\" data-id=\"a84ca7c\" data-element_type=\"container\" data-e-type=\"container\" data-settings=\"{&quot;background_background&quot;:&quot;classic&quot;}\">\n\t\t<div class=\"elementor-element elementor-element-ffef4b3 e-con-full h1container e-flex e-con e-child\" data-id=\"ffef4b3\" data-element_type=\"container\" data-e-type=\"container\" data-settings=\"{&quot;background_background&quot;:&quot;classic&quot;,&quot;motion_fx_motion_fx_scrolling&quot;:&quot;yes&quot;,&quot;motion_fx_range&quot;:&quot;viewport&quot;,&quot;motion_fx_translateY_effect&quot;:&quot;yes&quot;,&quot;motion_fx_translateY_direction&quot;:&quot;negative&quot;,&quot;motion_fx_translateY_speed&quot;:{&quot;unit&quot;:&quot;px&quot;,&quot;size&quot;:0.5,&quot;sizes&quot;:[]},&quot;motion_fx_translateY_affectedRange&quot;:{&quot;unit&quot;:&quot;%&quot;,&quot;size&quot;:&quot;&quot;,&quot;sizes&quot;:{&quot;start&quot;:50,&quot;end&quot;:100}},&quot;motion_fx_opacity_effect&quot;:&quot;yes&quot;,&quot;motion_fx_opacity_direction&quot;:&quot;in-out&quot;,&quot;motion_fx_opacity_level&quot;:{&quot;unit&quot;:&quot;px&quot;,&quot;size&quot;:5,&quot;sizes&quot;:[]},&quot;motion_fx_opacity_range&quot;:{&quot;unit&quot;:&quot;%&quot;,&quot;size&quot;:&quot;&quot;,&quot;sizes&quot;:{&quot;start&quot;:50,&quot;end&quot;:100}},&quot;motion_fx_devices&quot;:[&quot;widescreen&quot;,&quot;desktop&quot;,&quot;laptop&quot;,&quot;tablet&quot;,&quot;mobile&quot;]}\">\n\t\t\t\t<div class=\"elementor-element elementor-element-a94b61f elementor-invisible elementor-widget elementor-widget-heading\" data-id=\"a94b61f\" data-element_type=\"widget\" data-e-type=\"widget\" data-settings=\"{&quot;_animation&quot;:&quot;fadeInDown&quot;,&quot;_animation_delay&quot;:100}\" data-widget_type=\"heading.default\">\n\t\t\t\t<div class=\"elementor-widget-container\">\n\t\t\t\t\t<h1 class=\"elementor-heading-title elementor-size-default\">Matros:in\/ Mechaniker:in <\/h1>\t\t\t\t<\/div>\n\t\t\t\t<\/div>\n\t\t\t\t<div class=\"elementor-element elementor-element-f2a2e1d breadcrumbdunkel elementor-invisible elementor-widget elementor-widget-html\" data-id=\"f2a2e1d\" data-element_type=\"widget\" data-e-type=\"widget\" data-settings=\"{&quot;_animation&quot;:&quot;fadeInDown&quot;,&quot;_animation_delay&quot;:200}\" data-widget_type=\"html.default\">\n\t\t\t\t<div class=\"elementor-widget-container\">\n\t\t\t\t\t<nav aria-label=\"breadcrumbs\" class=\"rank-math-breadcrumb\"><p><span class=\"last\">Home<\/span><\/p><\/nav>\t\t\t\t<\/div>\n\t\t\t\t<\/div>\n\t\t\t\t<\/div>\n\t\t\t\t<\/div>\n\t\t\t\t<\/div>\n\t\t<div class=\"elementor-element elementor-element-cffcb9c e-con-full e-flex e-con e-parent\" data-id=\"cffcb9c\" data-element_type=\"container\" data-e-type=\"container\" data-settings=\"{&quot;background_background&quot;:&quot;classic&quot;}\">\n\t\t<div class=\"elementor-element elementor-element-3af9d75 e-con-full e-flex e-con e-child\" data-id=\"3af9d75\" data-element_type=\"container\" data-e-type=\"container\" data-settings=\"{&quot;background_background&quot;:&quot;classic&quot;}\">\n\t\t<div class=\"elementor-element elementor-element-632bd48 e-con-full e-flex e-con e-child\" data-id=\"632bd48\" data-element_type=\"container\" data-e-type=\"container\">\n\t\t\t\t<div class=\"elementor-element elementor-element-3cca938 elementor-invisible elementor-widget elementor-widget-text-editor\" data-id=\"3cca938\" data-element_type=\"widget\" data-e-type=\"widget\" data-settings=\"{&quot;_animation&quot;:&quot;fadeInDown&quot;,&quot;_animation_delay&quot;:100}\" data-widget_type=\"text-editor.default\">\n\t\t\t\t<div class=\"elementor-widget-container\">\n\t\t\t\t\t\t\t\t\t<p>80-100% | per sofort oder nach Vereinbarung | m\/w\/d<\/p>\t\t\t\t\t\t\t\t<\/div>\n\t\t\t\t<\/div>\n\t\t\t\t<\/div>\n\t\t\t\t<\/div>\n\t\t\t\t<\/div>\n\t\t<div class=\"elementor-element elementor-element-6df1f4b2 e-con-full e-flex e-con e-parent\" data-id=\"6df1f4b2\" data-element_type=\"container\" data-e-type=\"container\" id=\"schiffinfo\" data-settings=\"{&quot;background_background&quot;:&quot;classic&quot;}\">\n\t\t<div class=\"elementor-element elementor-element-6f8de023 e-con-full e-flex e-con e-child\" data-id=\"6f8de023\" data-element_type=\"container\" data-e-type=\"container\" data-settings=\"{&quot;background_background&quot;:&quot;classic&quot;}\">\n\t\t<div class=\"elementor-element elementor-element-4c7c8530 e-con-full e-flex e-con e-child\" data-id=\"4c7c8530\" data-element_type=\"container\" data-e-type=\"container\" data-settings=\"{&quot;background_background&quot;:&quot;classic&quot;}\">\n\t\t\t\t<div class=\"elementor-element elementor-element-4a01a845 elementor-invisible elementor-widget elementor-widget-heading\" data-id=\"4a01a845\" data-element_type=\"widget\" data-e-type=\"widget\" data-settings=\"{&quot;_animation&quot;:&quot;fadeInDown&quot;,&quot;_animation_delay&quot;:100}\" data-widget_type=\"heading.default\">\n\t\t\t\t<div class=\"elementor-widget-container\">\n\t\t\t\t\t<h2 class=\"elementor-heading-title elementor-size-default\">Das sind wir<\/h2>\t\t\t\t<\/div>\n\t\t\t\t<\/div>\n\t\t\t\t<div class=\"elementor-element elementor-element-3dac5d6b elementor-invisible elementor-widget elementor-widget-text-editor\" data-id=\"3dac5d6b\" data-element_type=\"widget\" data-e-type=\"widget\" data-settings=\"{&quot;_animation&quot;:&quot;fadeInDown&quot;,&quot;_animation_delay&quot;:200}\" data-widget_type=\"text-editor.default\">\n\t\t\t\t<div class=\"elementor-widget-container\">\n\t\t\t\t\t\t\t\t\t<p>Mit 17 Schiffen und rund 120 Mitarbeitenden bereiten wir unseren G\u00e4sten 365 Tage im Jahr einzigartige Erlebnisse auf dem Z\u00fcrichsee. Zu unserem Angebot z\u00e4hlen Kursfahrten, Erlebnisschiffe und Schiffsvermietungen. Pro Jahr bef\u00f6rdern wir rund 1.7 Millionen Passagiere. Seit 1990 sind wir Partner im Z\u00fcrcher Verkehrsverbund (ZVV).<\/p>\t\t\t\t\t\t\t\t<\/div>\n\t\t\t\t<\/div>\n\t\t\t\t<div class=\"elementor-element elementor-element-5258af01 elementor-invisible elementor-widget elementor-widget-heading\" data-id=\"5258af01\" data-element_type=\"widget\" data-e-type=\"widget\" id=\"mietkonditionen\" data-settings=\"{&quot;_animation&quot;:&quot;fadeInDown&quot;,&quot;_animation_delay&quot;:100}\" data-widget_type=\"heading.default\">\n\t\t\t\t<div class=\"elementor-widget-container\">\n\t\t\t\t\t<h2 class=\"elementor-heading-title elementor-size-default\">Das sind deine Horizonte<\/h2>\t\t\t\t<\/div>\n\t\t\t\t<\/div>\n\t\t\t\t<div class=\"elementor-element elementor-element-b47525b elementor-invisible elementor-widget elementor-widget-text-editor\" data-id=\"b47525b\" data-element_type=\"widget\" data-e-type=\"widget\" data-settings=\"{&quot;_animation&quot;:&quot;fadeInDown&quot;,&quot;_animation_delay&quot;:200}\" data-widget_type=\"text-editor.default\">\n\t\t\t\t<div class=\"elementor-widget-container\">\n\t\t\t\t\t\t\t\t\t<p><strong>Zwei Jobs in einem:<\/strong> Im Sommer bist du als Teil unserer nautischen Crew auf dem See unter- wegs. Im Winter bringst du deine Leidenschaft als Handwerker in die Wartung unserer Schiffs- flotte ein.<\/p>\t\t\t\t\t\t\t\t<\/div>\n\t\t\t\t<\/div>\n\t\t\t\t<div class=\"elementor-element elementor-element-6950c4a elementor-invisible elementor-widget elementor-widget-text-editor\" data-id=\"6950c4a\" data-element_type=\"widget\" data-e-type=\"widget\" data-settings=\"{&quot;_animation&quot;:&quot;fadeInDown&quot;,&quot;_animation_delay&quot;:200}\" data-widget_type=\"text-editor.default\">\n\t\t\t\t<div class=\"elementor-widget-container\">\n\t\t\t\t\t\t\t\t\t<ul>\n  <li>Verantwortung f\u00fcr die Sicherheit und Sauberkeit an Bord<\/li>\n  <li>Professioneller Umgang mit Tauwerk (Aufschiessen, Belegen, Knoten, Spleissen)<\/li>\n  <li>Kundenbetreuung und Fahrausweiskontrolle<\/li>\n  <li>Mitverantwortung f\u00fcr den Schiffsunterhalt (Montage, Revision, Reparatur)<\/li>\n  <li>Stetige Verbesserung und Modernisierungen f\u00fcr eine zukunftsf\u00e4hige Flotte<\/li>\n<\/ul>\n\t\t\t\t\t\t\t\t<\/div>\n\t\t\t\t<\/div>\n\t\t\t\t<div class=\"elementor-element elementor-element-5797aedb elementor-invisible elementor-widget elementor-widget-heading\" data-id=\"5797aedb\" data-element_type=\"widget\" data-e-type=\"widget\" id=\"gastronomie\" data-settings=\"{&quot;_animation&quot;:&quot;fadeInDown&quot;,&quot;_animation_delay&quot;:100}\" data-widget_type=\"heading.default\">\n\t\t\t\t<div class=\"elementor-widget-container\">\n\t\t\t\t\t<h2 class=\"elementor-heading-title elementor-size-default\">Das bringst du mit an Bord<\/h2>\t\t\t\t<\/div>\n\t\t\t\t<\/div>\n\t\t\t\t<div class=\"elementor-element elementor-element-1197b78 elementor-invisible elementor-widget elementor-widget-text-editor\" data-id=\"1197b78\" data-element_type=\"widget\" data-e-type=\"widget\" data-settings=\"{&quot;_animation&quot;:&quot;fadeInDown&quot;,&quot;_animation_delay&quot;:200}\" data-widget_type=\"text-editor.default\">\n\t\t\t\t<div class=\"elementor-widget-container\">\n\t\t\t\t\t\t\t\t\t<ul>\n  <li>Abgeschlossene Berufslehre als Landmaschinen- oder Baumaschinenmechaniker:in EFZ, Automobil-Mechatroniker:in EFZ, Automobil-Fachmann\/-Frau EFZ Nutzfahrzeuge, Automobil-Mechatroniker:in EFZ-Nutzfahrzeuge<\/li>\n  <li>Allrounder und versiert in der Instandhaltung von mechanischen Anlagen (Motoren, Wellenanlagen, Kupplungen, Getriebe, Lagerungen etc.)<\/li>\n  <li>Stilsicheres Deutsch und gute m\u00fcndliche Englischkenntnisse<\/li>\n  <li>Freude am Kundenkontakt und am Umgang mit Menschen<\/li>\n  <li>Nautisches Flair<\/li>\n  <li>K\u00f6rperliche Belastbarkeit und Wetterfestigkeit<\/li>\n  <li>Freude an unregelm\u00e4ssigen Arbeitszeiten von Montag bis Sonntag (April \u2013 Oktober)<\/li>\n  <li>K\u00f6rperlich belastbar und wetterfest<\/li>\n<\/ul>\n\t\t\t\t\t\t\t\t<\/div>\n\t\t\t\t<\/div>\n\t\t\t\t<div class=\"elementor-element elementor-element-e7c93b2 elementor-invisible elementor-widget elementor-widget-heading\" data-id=\"e7c93b2\" data-element_type=\"widget\" data-e-type=\"widget\" data-settings=\"{&quot;_animation&quot;:&quot;fadeInDown&quot;,&quot;_animation_delay&quot;:100}\" data-widget_type=\"heading.default\">\n\t\t\t\t<div class=\"elementor-widget-container\">\n\t\t\t\t\t<h2 class=\"elementor-heading-title elementor-size-default\">Das bieten wir auf lange Sicht<\/h2>\t\t\t\t<\/div>\n\t\t\t\t<\/div>\n\t\t\t\t<div class=\"elementor-element elementor-element-e548a03 elementor-invisible elementor-widget elementor-widget-text-editor\" data-id=\"e548a03\" data-element_type=\"widget\" data-e-type=\"widget\" data-settings=\"{&quot;_animation&quot;:&quot;fadeInDown&quot;,&quot;_animation_delay&quot;:200}\" data-widget_type=\"text-editor.default\">\n\t\t\t\t<div class=\"elementor-widget-container\">\n\t\t\t\t\t\t\t\t\t<ul><li>Einen einzigartigen Arbeitsplatz am und auf dem See<\/li><li>Ein professionelles nautisches Ausbildungsprogramm \u2013 auch f\u00fcr Quereinsteiger<\/li><li>Ausgezeichnete nautische Weiterbildungsangebote und Karriere bis zum\/zur Dampfschiffkapit\u00e4n:in oder Dampfschiffmaschinist:in<\/li><li>Abwechslungsreiche und anspruchsvolle Arbeit in einem vielf\u00e4ltigen Unternehmen<\/li><li>Faszinierende Umbauprojekte bieten dir die Gelegenheit, unsere Vision einer CO\u2082-freien Schifffahrt umzusetzen<\/li><li>Grossz\u00fcgige Spesen-\/Zulagenregelung<\/li><li>Attraktive Anstellungsbedingungen mit 6 Wochen Ferien<\/li><li>Gratis 2. Klasse Generalabonnement<\/li><\/ul>\t\t\t\t\t\t\t\t<\/div>\n\t\t\t\t<\/div>\n\t\t\t\t<div class=\"elementor-element elementor-element-88b4b98 elementor-invisible elementor-widget elementor-widget-heading\" data-id=\"88b4b98\" data-element_type=\"widget\" data-e-type=\"widget\" data-settings=\"{&quot;_animation&quot;:&quot;fadeInDown&quot;,&quot;_animation_delay&quot;:100}\" data-widget_type=\"heading.default\">\n\t\t\t\t<div class=\"elementor-widget-container\">\n\t\t\t\t\t<h2 class=\"elementor-heading-title elementor-size-default\">Lust auf mee(h)r?<\/h2>\t\t\t\t<\/div>\n\t\t\t\t<\/div>\n\t\t\t\t<div class=\"elementor-element elementor-element-1e26068 linkdunkel elementor-invisible elementor-widget elementor-widget-text-editor\" data-id=\"1e26068\" data-element_type=\"widget\" data-e-type=\"widget\" data-settings=\"{&quot;_animation&quot;:&quot;fadeInDown&quot;,&quot;_animation_delay&quot;:200}\" data-widget_type=\"text-editor.default\">\n\t\t\t\t<div class=\"elementor-widget-container\">\n\t\t\t\t\t\t\t\t\t<p>M\u00f6chtest du zu uns an Bord kommen?<br \/>Dann sende deine Bewerbung \u00fcber den Link.<\/p><p>F\u00fcr mehr Informationen steht dir Alessandro Bruno, Fachspezialist Personal, unter Tel. <a href=\"tel:+41444871349\">044 487 13 49<\/a> zur Verf\u00fcgung.<\/p>\t\t\t\t\t\t\t\t<\/div>\n\t\t\t\t<\/div>\n\t\t\t\t<div class=\"elementor-element elementor-element-e95b24b elementor-widget__width-auto elementor-invisible elementor-widget elementor-widget-button\" data-id=\"e95b24b\" data-element_type=\"widget\" data-e-type=\"widget\" data-settings=\"{&quot;_animation&quot;:&quot;fadeInDown&quot;,&quot;_animation_delay&quot;:200}\" data-widget_type=\"button.default\">\n\t\t\t\t<div class=\"elementor-widget-container\">\n\t\t\t\t\t\t\t\t\t<div class=\"elementor-button-wrapper\">\n\t\t\t\t\t<a class=\"elementor-button elementor-button-link elementor-size-sm\" href=\"https:\/\/zsg.abacuscity.ch\/de\/jobform_1_121211\/Matros%3Ain-im-Sommer-Mechaniker%3Ain-im-Winter-80-100%25-%28m-w-d%29\" target=\"_blank\" rel=\"noopener\">\n\t\t\t\t\t\t<span class=\"elementor-button-content-wrapper\">\n\t\t\t\t\t\t\t\t\t<span class=\"elementor-button-text\">Online Jobbewerbung<\/span>\n\t\t\t\t\t<\/span>\n\t\t\t\t\t<\/a>\n\t\t\t\t<\/div>\n\t\t\t\t\t\t\t\t<\/div>\n\t\t\t\t<\/div>\n\t\t\t\t<\/div>\n\t\t\t\t<\/div>\n\t\t\t\t<\/div>\n\t\t<div class=\"elementor-element elementor-element-94c73ab e-con-full e-flex e-con e-parent\" data-id=\"94c73ab\" data-element_type=\"container\" data-e-type=\"container\" data-settings=\"{&quot;background_background&quot;:&quot;classic&quot;}\">\n\t\t<div class=\"elementor-element elementor-element-069ccd3 e-con-full e-flex e-con e-child\" data-id=\"069ccd3\" data-element_type=\"container\" data-e-type=\"container\" data-settings=\"{&quot;background_background&quot;:&quot;classic&quot;}\">\n\t\t\t\t<div class=\"elementor-element elementor-element-b4c9de4 elementor-widget elementor-widget-image\" data-id=\"b4c9de4\" data-element_type=\"widget\" data-e-type=\"widget\" data-widget_type=\"image.default\">\n\t\t\t\t<div class=\"elementor-widget-container\">\n\t\t\t\t\t\t\t\t\t\t\t\t\t\t\t<img decoding=\"async\" src=\"https:\/\/www.zsg.ch\/wp-content\/uploads\/steg-zuerich-buerkliplatz_1920x1000.jpg\" title=\"steg-zuerich-buerkliplatz_1920x1000\" alt=\"Steg B\u00fcrkliplatz bei Nacht\" loading=\"lazy\" \/>\t\t\t\t\t\t\t\t\t\t\t\t\t\t\t<\/div>\n\t\t\t\t<\/div>\n\t\t\t\t<\/div>\n\t\t\t\t<\/div>\n\t\t\t\t<\/div>\n\t\t","protected":false},"excerpt":{"rendered":"<p>Matros:in\/ Mechaniker:in 80-100% | per sofort oder nach Vereinbarung | m\/w\/d Das sind wir Mit 17 Schiffen und rund 120 Mitarbeitenden bereiten wir unseren G\u00e4sten 365 Tage im Jahr einzigartige Erlebnisse auf dem Z\u00fcrichsee. Zu unserem Angebot z\u00e4hlen Kursfahrten, Erlebnisschiffe und Schiffsvermietungen. Pro Jahr bef\u00f6rdern wir rund 1.7 Millionen Passagiere. Seit 1990 sind wir Partner [&hellip;]<\/p>\n","protected":false},"author":7,"featured_media":0,"parent":7374,"menu_order":11,"comment_status":"closed","ping_status":"closed","template":"","meta":{"footnotes":""},"class_list":["post-15265","page","type-page","status-publish","hentry"],"_links":{"self":[{"href":"https:\/\/www.zsg.ch\/de\/wp-json\/wp\/v2\/pages\/15265","targetHints":{"allow":["GET"]}}],"collection":[{"href":"https:\/\/www.zsg.ch\/de\/wp-json\/wp\/v2\/pages"}],"about":[{"href":"https:\/\/www.zsg.ch\/de\/wp-json\/wp\/v2\/types\/page"}],"author":[{"embeddable":true,"href":"https:\/\/www.zsg.ch\/de\/wp-json\/wp\/v2\/users\/7"}],"replies":[{"embeddable":true,"href":"https:\/\/www.zsg.ch\/de\/wp-json\/wp\/v2\/comments?post=15265"}],"version-history":[{"count":0,"href":"https:\/\/www.zsg.ch\/de\/wp-json\/wp\/v2\/pages\/15265\/revisions"}],"up":[{"embeddable":true,"href":"https:\/\/www.zsg.ch\/de\/wp-json\/wp\/v2\/pages\/7374"}],"wp:attachment":[{"href":"https:\/\/www.zsg.ch\/de\/wp-json\/wp\/v2\/media?parent=15265"}],"curies":[{"name":"wp","href":"https:\/\/api.w.org\/{rel}","templated":true}]}}